{"id":8,"date":"2025-09-01T21:43:26","date_gmt":"2025-09-01T19:43:26","guid":{"rendered":"http:\/\/maxizonepro.pl\/?page_id=8"},"modified":"2025-09-01T21:43:26","modified_gmt":"2025-09-01T19:43:26","slug":"8-2","status":"publish","type":"page","link":"https:\/\/maxizonepro.pl\/?page_id=8","title":{"rendered":""},"content":{"rendered":"\n<div class=\"wp-block-group alignfull has-global-padding is-layout-constrained wp-block-group-is-layout-constrained\" style=\"margin-top:0;margin-bottom:0\">\n<div class=\"wp-block-columns alignfull is-layout-flex wp-container-core-columns-is-layout-9c22b1e3 wp-block-columns-is-layout-flex\">\n<div class=\"wp-block-column is-layout-flow wp-block-column-is-layout-flow\" style=\"flex-basis:55%\">\n<div style=\"aspect-ratio:1;min-height:unset;\" class=\"wp-block-cover is-light has-aspect-ratio\"><img decoding=\"async\" class=\"wp-block-cover__image-background\" alt=\"Obrazek ksi\u0105\u017cki\" src=\"http:\/\/maxizonepro.pl\/wp-content\/themes\/twentytwentyfive\/assets\/images\/book-image-landing.webp\" data-object-fit=\"cover\"\/><span aria-hidden=\"true\" class=\"wp-block-cover__background has-background-dim-0 has-background-dim\" style=\"background-color:#6b6b6b\"><\/span><div class=\"wp-block-cover__inner-container is-layout-flow wp-block-cover-is-layout-flow\">\n<div style=\"height:var(--wp--preset--spacing--20)\" aria-hidden=\"true\" class=\"wp-block-spacer\"><\/div>\n<\/div><\/div>\n<\/div>\n\n\n\n<div class=\"wp-block-column is-vertically-aligned-center is-layout-flow wp-block-column-is-layout-flow\" style=\"padding-top:var(--wp--preset--spacing--60);padding-right:var(--wp--preset--spacing--60);padding-bottom:var(--wp--preset--spacing--60);padding-left:var(--wp--preset--spacing--60)\">\n<h2 class=\"wp-block-heading has-xx-large-font-size\">Ksi\u0105\u017cka opowie\u015bci<\/h2>\n\n\n\n<p>Wspania\u0142a kolekcja uchwyconych w czasie klatek zawieraj\u0105ca fotografie Louisa Fleckensteina, Paula Stranda i Asahachi K\u014dno.<\/p>\n\n\n\n<p class=\"has-medium-font-size\">Dost\u0119pne ju\u017c teraz w przedsprzeda\u017cy.<\/p>\n<\/div>\n<\/div>\n<\/div>\n\n\n\n<div class=\"wp-block-group alignfull has-global-padding is-layout-constrained wp-container-core-group-is-layout-54af5b55 wp-block-group-is-layout-constrained\" style=\"margin-top:0;margin-bottom:0;padding-top:var(--wp--preset--spacing--60);padding-bottom:var(--wp--preset--spacing--60)\">\n<h2 class=\"wp-block-heading alignwide has-text-align-center has-x-large-font-size\">Kup sw\u00f3j egzemplarz Ksi\u0105\u017cki Opowie\u015bci<\/h2>\n\n\n\n<div class=\"wp-block-buttons alignwide has-custom-font-size has-medium-font-size is-content-justification-center is-layout-flex wp-container-core-buttons-is-layout-c124d1c4 wp-block-buttons-is-layout-flex\">\n<div class=\"wp-block-button\"><a class=\"wp-block-button__link wp-element-button\">Amazon<\/a><\/div>\n\n\n\n<div class=\"wp-block-button\"><a class=\"wp-block-button__link wp-element-button\">Audible<\/a><\/div>\n\n\n\n<div class=\"wp-block-button\"><a class=\"wp-block-button__link wp-element-button\">Barnes i Noble<\/a><\/div>\n\n\n\n<div class=\"wp-block-button\"><a class=\"wp-block-button__link wp-element-button\">Apple Books<\/a><\/div>\n\n\n\n<div class=\"wp-block-button\"><a class=\"wp-block-button__link wp-element-button\">Bookshop.org<\/a><\/div>\n\n\n\n<div class=\"wp-block-button\"><a class=\"wp-block-button__link wp-element-button\">Spotify<\/a><\/div>\n\n\n\n<div class=\"wp-block-button\"><a class=\"wp-block-button__link wp-element-button\">BAM!<\/a><\/div>\n\n\n\n<div class=\"wp-block-button\"><a class=\"wp-block-button__link wp-element-button\">Simon i Schuster<\/a><\/div>\n<\/div>\n\n\n\n<p class=\"has-text-align-center has-medium-font-size\">Poza Europ\u0105? Zobacz <a href=\"#\" rel=\"nofollow\">wydania mi\u0119dzynarodowe<\/a>.<\/p>\n<\/div>\n\n\n\n<div class=\"wp-block-group alignfull has-global-padding is-layout-constrained wp-block-group-is-layout-constrained\" style=\"margin-top:0;margin-bottom:0;padding-top:var(--wp--preset--spacing--50);padding-bottom:var(--wp--preset--spacing--50)\">\n<div class=\"wp-block-columns alignwide is-layout-flex wp-container-core-columns-is-layout-fa584acd wp-block-columns-is-layout-flex\">\n<div class=\"wp-block-column is-vertically-aligned-center is-layout-flow wp-block-column-is-layout-flow\">\n<h2 class=\"wp-block-heading has-xx-large-font-size\">O ksi\u0105\u017cce<\/h2>\n\n\n\n<p class=\"has-medium-font-size\">Ta znakomita kompilacja prezentuje r\u00f3\u017cnorodn\u0105 gam\u0119 fotografii, kt\u00f3re uchwyci\u0142y istot\u0119 r\u00f3\u017cnych epok i kultur, odzwierciedlaj\u0105c unikalne style i perspektywy ka\u017cdego artysty. Sugestywne obrazy Fleckensteina, prze\u0142omowe modernistyczne podej\u015bcie Stranda i skrupulatna dokumentacja japo\u0144skiego \u017cycia K\u014dno \u0142\u0105cz\u0105 si\u0119 w harmonijn\u0105 mieszank\u0119, kt\u00f3ra celebruje sztuk\u0119 fotografii. Ka\u017cdemu zdj\u0119ciu w \u201eThe Stories Book\u201d towarzyszy wnikliwy komentarz, zapewniaj\u0105cy kontekst historyczny i ujawniaj\u0105cy historie kryj\u0105ce si\u0119 za fotografiami. Kolekcja jest nie tylko wizualn\u0105 uczt\u0105, ale tak\u017ce ho\u0142dem dla pot\u0119gi fotografii w zachowywaniu i opowiadaniu o r\u00f3\u017cnorodnych do\u015bwiadczeniach ludzko\u015bci.<\/p>\n<\/div>\n\n\n\n<div class=\"wp-block-column is-vertically-aligned-center is-layout-flow wp-block-column-is-layout-flow\">\n<figure class=\"wp-block-image size-full\"><img decoding=\"async\" src=\"http:\/\/maxizonepro.pl\/wp-content\/themes\/twentytwentyfive\/assets\/images\/book-image-landing.webp\" alt=\"Obrazek ksi\u0105\u017cki\" style=\"aspect-ratio:1;object-fit:cover\"\/><\/figure>\n<\/div>\n<\/div>\n<\/div>\n\n\n\n<div class=\"wp-block-group alignfull is-style-default has-global-padding is-layout-constrained wp-block-group-is-layout-constrained\" style=\"margin-top:0;margin-bottom:0;padding-top:var(--wp--preset--spacing--60);padding-bottom:var(--wp--preset--spacing--60)\">\n<div class=\"wp-block-columns alignwide is-layout-flex wp-container-core-columns-is-layout-6ef9061c wp-block-columns-is-layout-flex\">\n<div class=\"wp-block-column is-layout-flow wp-block-column-is-layout-flow\" style=\"flex-basis:60%\">\n<div class=\"wp-block-group is-vertical is-layout-flex wp-container-core-group-is-layout-913d5755 wp-block-group-is-layout-flex\" style=\"padding-bottom:var(--wp--preset--spacing--30)\">\n<h2 class=\"wp-block-heading\">Mi\u0119dzynarodowe wydania<\/h2>\n\n\n\n<p class=\"has-medium-font-size\">Ksi\u0105\u017cka Opowie\u015bci b\u0119dzie dost\u0119pna w tych mi\u0119dzynarodowych sklepach.<\/p>\n<\/div>\n<\/div>\n\n\n\n<div class=\"wp-block-column is-layout-flow wp-block-column-is-layout-flow\" style=\"flex-basis:40%\">\n<div class=\"wp-block-columns is-layout-flex wp-container-core-columns-is-layout-28f84493 wp-block-columns-is-layout-flex\">\n<div class=\"wp-block-column is-layout-flow wp-container-core-column-is-layout-5dafc681 wp-block-column-is-layout-flow\">\n<div class=\"wp-block-group has-global-padding is-content-justification-left is-layout-constrained wp-container-core-group-is-layout-3540e7cd wp-block-group-is-layout-constrained\">\n<h3 class=\"wp-block-heading has-large-font-size\" style=\"font-style:normal;font-weight:500\">Australia<\/h3>\n\n\n\n<p class=\"has-medium-font-size\"><a href=\"#\">Ksi\u0119garnia<\/a><\/p>\n<\/div>\n\n\n\n<div class=\"wp-block-group has-global-padding is-content-justification-left is-layout-constrained wp-container-core-group-is-layout-0b710646 wp-block-group-is-layout-constrained\">\n<h3 class=\"wp-block-heading has-large-font-size\" style=\"font-style:normal;font-weight:500\">Brazylia<\/h3>\n\n\n\n<p class=\"has-medium-font-size\"><a href=\"#\">Ksi\u0119garnia<\/a><\/p>\n<\/div>\n\n\n\n<div class=\"wp-block-group has-global-padding is-content-justification-left is-layout-constrained wp-container-core-group-is-layout-0b710646 wp-block-group-is-layout-constrained\">\n<h3 class=\"wp-block-heading has-large-font-size\" style=\"font-style:normal;font-weight:500\">Kanada<\/h3>\n\n\n\n<p class=\"has-medium-font-size\"><a href=\"#\">Ksi\u0119garnia<\/a><\/p>\n<\/div>\n\n\n\n<div class=\"wp-block-group has-global-padding is-content-justification-left is-layout-constrained wp-container-core-group-is-layout-0b710646 wp-block-group-is-layout-constrained\">\n<h3 class=\"wp-block-heading has-large-font-size\" style=\"font-style:normal;font-weight:500\">Japonia<\/h3>\n\n\n\n<p class=\"has-medium-font-size\"><a href=\"#\">Ksi\u0119garnia<\/a><\/p>\n<\/div>\n<\/div>\n\n\n\n<div class=\"wp-block-column is-layout-flow wp-container-core-column-is-layout-5dafc681 wp-block-column-is-layout-flow\">\n<div class=\"wp-block-group has-global-padding is-content-justification-left is-layout-constrained wp-container-core-group-is-layout-3540e7cd wp-block-group-is-layout-constrained\">\n<h3 class=\"wp-block-heading has-large-font-size\" style=\"font-style:normal;font-weight:500\">Nowa Zelandia<\/h3>\n\n\n\n<p class=\"has-medium-font-size\"><a href=\"#\">Ksi\u0119garnia<\/a><\/p>\n<\/div>\n\n\n\n<div class=\"wp-block-group has-global-padding is-content-justification-left is-layout-constrained wp-container-core-group-is-layout-0b710646 wp-block-group-is-layout-constrained\">\n<h3 class=\"wp-block-heading has-large-font-size\" style=\"font-style:normal;font-weight:500\">Szwajcaria<\/h3>\n\n\n\n<p class=\"has-medium-font-size\"><a href=\"#\">Ksi\u0119garnia<\/a><\/p>\n<\/div>\n\n\n\n<div class=\"wp-block-group has-global-padding is-content-justification-left is-layout-constrained wp-container-core-group-is-layout-0b710646 wp-block-group-is-layout-constrained\">\n<h3 class=\"wp-block-heading has-large-font-size\" style=\"font-style:normal;font-weight:500\">Stany Zjednoczone<\/h3>\n\n\n\n<p class=\"has-medium-font-size\"><a href=\"#\">Ksi\u0119garnia<\/a><\/p>\n<\/div>\n\n\n\n<div class=\"wp-block-group has-global-padding is-content-justification-left is-layout-constrained wp-container-core-group-is-layout-0b710646 wp-block-group-is-layout-constrained\">\n<h3 class=\"wp-block-heading has-large-font-size\" style=\"font-style:normal;font-weight:500\">Wielka Brytania<\/h3>\n\n\n\n<p class=\"has-medium-font-size\"><a href=\"#\">Ksi\u0119garnia<\/a><\/p>\n<\/div>\n<\/div>\n<\/div>\n<\/div>\n<\/div>\n<\/div>\n\n\n\n<div class=\"wp-block-group alignfull has-global-padding is-layout-constrained wp-block-group-is-layout-constrained\" style=\"margin-top:0;margin-bottom:0\">\n<div class=\"wp-block-group alignwide is-layout-flow wp-container-core-group-is-layout-d58a0413 wp-block-group-is-layout-flow\" style=\"padding-top:var(--wp--preset--spacing--50);padding-bottom:var(--wp--preset--spacing--50)\">\n<h2 class=\"wp-block-heading has-x-large-font-size\">Cz\u0119sto zadawane pytania<\/h2>\n\n\n\n<div class=\"wp-block-columns is-layout-flex wp-container-core-columns-is-layout-cbe57604 wp-block-columns-is-layout-flex\">\n<div class=\"wp-block-column is-layout-flow wp-block-column-is-layout-flow\">\n<div class=\"wp-block-group is-layout-flow wp-block-group-is-layout-flow\" style=\"border-top-color:var(--wp--preset--color--accent-6);border-top-width:1px;padding-top:var(--wp--preset--spacing--30);padding-bottom:var(--wp--preset--spacing--30)\">\n<h3 class=\"wp-block-heading\">O czym s\u0105 opowiadania?<\/h3>\n\n\n\n<p>Wyj\u0105tkowa kompilacja prezentuje r\u00f3\u017cnorodne zdj\u0119cia, kt\u00f3re uchwyci\u0142y istot\u0119 r\u00f3\u017cnych epok i kultur, odzwierciedlaj\u0105c unikatowe style i perspektywy ka\u017cdego artysty.<\/p>\n<\/div>\n<\/div>\n\n\n\n<div class=\"wp-block-column is-layout-flow wp-block-column-is-layout-flow\">\n<div class=\"wp-block-group is-layout-flow wp-block-group-is-layout-flow\" style=\"border-top-color:var(--wp--preset--color--accent-6);border-top-width:1px;padding-top:var(--wp--preset--spacing--30);padding-bottom:var(--wp--preset--spacing--30)\">\n<h3 class=\"wp-block-heading\">Ile kosztuje zbi\u00f3r opowiada\u0144?<\/h3>\n\n\n\n<p>Wyj\u0105tkowa kompilacja prezentuje r\u00f3\u017cnorodne zdj\u0119cia, kt\u00f3re uchwyci\u0142y istot\u0119 r\u00f3\u017cnych epok i kultur, odzwierciedlaj\u0105c unikatowe style i perspektywy ka\u017cdego artysty.<\/p>\n<\/div>\n<\/div>\n<\/div>\n\n\n\n<div class=\"wp-block-columns is-layout-flex wp-container-core-columns-is-layout-cbe57604 wp-block-columns-is-layout-flex\">\n<div class=\"wp-block-column is-layout-flow wp-block-column-is-layout-flow\">\n<div class=\"wp-block-group is-layout-flow wp-block-group-is-layout-flow\" style=\"border-top-color:var(--wp--preset--color--accent-6);border-top-width:1px;padding-top:var(--wp--preset--spacing--30);padding-bottom:var(--wp--preset--spacing--30)\">\n<h3 class=\"wp-block-heading\">Kiedy zbi\u00f3r opowiada\u0144 zostanie wydany?<\/h3>\n\n\n\n<p>Wyj\u0105tkowa kompilacja prezentuje r\u00f3\u017cnorodne zdj\u0119cia, kt\u00f3re uchwyci\u0142y istot\u0119 r\u00f3\u017cnych epok i kultur, odzwierciedlaj\u0105c unikatowe style i perspektywy ka\u017cdego artysty.<\/p>\n<\/div>\n<\/div>\n\n\n\n<div class=\"wp-block-column is-layout-flow wp-block-column-is-layout-flow\">\n<div class=\"wp-block-group is-layout-flow wp-block-group-is-layout-flow\" style=\"border-top-color:var(--wp--preset--color--accent-6);border-top-width:1px;padding-top:var(--wp--preset--spacing--30);padding-bottom:var(--wp--preset--spacing--30)\">\n<h3 class=\"wp-block-heading\">Czy s\u0105 dost\u0119pne podpisane kopie?<\/h3>\n\n\n\n<p>Wyj\u0105tkowa kompilacja prezentuje r\u00f3\u017cnorodne zdj\u0119cia, kt\u00f3re uchwyci\u0142y istot\u0119 r\u00f3\u017cnych epok i kultur, odzwierciedlaj\u0105c unikatowe style i perspektywy ka\u017cdego artysty.<\/p>\n<\/div>\n<\/div>\n<\/div>\n<\/div>\n<\/div>\n\n\n\n<aside class=\"wp-block-group alignfull is-style-section-3 has-global-padding is-layout-constrained wp-container-core-group-is-layout-f0f2a97b wp-block-group-is-layout-constrained is-style-section-3--1\" style=\"margin-top:0;margin-bottom:0;padding-top:var(--wp--preset--spacing--50);padding-right:var(--wp--preset--spacing--50);padding-bottom:var(--wp--preset--spacing--50);padding-left:var(--wp--preset--spacing--50)\">\n<div class=\"wp-block-group is-vertical is-content-justification-center is-layout-flex wp-container-core-group-is-layout-8778ca4a wp-block-group-is-layout-flex\" style=\"min-height:360px;margin-top:0;margin-bottom:0\">\n<h2 class=\"wp-block-heading has-text-align-center has-xx-large-font-size\">Zapisz si\u0119, aby otrzymywa\u0107 codzienne historie.<\/h2>\n\n\n\n<p class=\"has-text-align-center is-style-text-subtitle is-style-text-subtitle--2\">Uzyskaj dost\u0119p do starannie wyselekcjonowanej kolekcji wyj\u0105tkowych moment\u00f3w, zawieraj\u0105cej fotografie o historycznym znaczeniu.<\/p>\n\n\n\n<div style=\"height:0px\" aria-hidden=\"true\" class=\"wp-block-spacer wp-container-content-62aae154\"><\/div>\n\n\n\n<div class=\"wp-block-buttons is-content-justification-center is-layout-flex wp-container-core-buttons-is-layout-a89b3969 wp-block-buttons-is-layout-flex\">\n<div class=\"wp-block-button\"><a class=\"wp-block-button__link has-text-align-center wp-element-button\">Subskrybuj<\/a><\/div>\n<\/div>\n<\/div>\n<\/aside>\n","protected":false},"excerpt":{"rendered":"<p>Ksi\u0105\u017cka opowie\u015bci Wspania\u0142a kolekcja uchwyconych w czasie klatek zawieraj\u0105ca fotografie Louisa Fleckensteina, Paula Stranda i Asahachi K\u014dno. Dost\u0119pne ju\u017c teraz w przedsprzeda\u017cy. Kup sw\u00f3j egzemplarz Ksi\u0105\u017cki Opowie\u015bci Poza Europ\u0105? Zobacz wydania mi\u0119dzynarodowe. O ksi\u0105\u017cce Ta znakomita kompilacja prezentuje r\u00f3\u017cnorodn\u0105 gam\u0119 fotografii, kt\u00f3re uchwyci\u0142y istot\u0119 r\u00f3\u017cnych epok i kultur, odzwierciedlaj\u0105c unikalne style i perspektywy ka\u017cdego artysty. [&hellip;]<\/p>\n","protected":false},"author":1,"featured_media":0,"parent":0,"menu_order":0,"comment_status":"closed","ping_status":"closed","template":"","meta":{"footnotes":""},"class_list":["post-8","page","type-page","status-publish","hentry"],"jetpack_sharing_enabled":true,"_links":{"self":[{"href":"https:\/\/maxizonepro.pl\/index.php?rest_route=\/wp\/v2\/pages\/8","targetHints":{"allow":["GET"]}}],"collection":[{"href":"https:\/\/maxizonepro.pl\/index.php?rest_route=\/wp\/v2\/pages"}],"about":[{"href":"https:\/\/maxizonepro.pl\/index.php?rest_route=\/wp\/v2\/types\/page"}],"author":[{"embeddable":true,"href":"https:\/\/maxizonepro.pl\/index.php?rest_route=\/wp\/v2\/users\/1"}],"replies":[{"embeddable":true,"href":"https:\/\/maxizonepro.pl\/index.php?rest_route=%2Fwp%2Fv2%2Fcomments&post=8"}],"version-history":[{"count":1,"href":"https:\/\/maxizonepro.pl\/index.php?rest_route=\/wp\/v2\/pages\/8\/revisions"}],"predecessor-version":[{"id":9,"href":"https:\/\/maxizonepro.pl\/index.php?rest_route=\/wp\/v2\/pages\/8\/revisions\/9"}],"wp:attachment":[{"href":"https:\/\/maxizonepro.pl\/index.php?rest_route=%2Fwp%2Fv2%2Fmedia&parent=8"}],"curies":[{"name":"wp","href":"https:\/\/api.w.org\/{rel}","templated":true}]}}